{"id":1106,"date":"2024-12-08T19:05:11","date_gmt":"2024-12-08T18:05:11","guid":{"rendered":"https:\/\/ong-noho.org\/?page_id=1106"},"modified":"2025-02-26T20:03:56","modified_gmt":"2025-02-26T19:03:56","slug":"evenements","status":"publish","type":"page","link":"https:\/\/ong-noho.org\/en\/evenements\/","title":{"rendered":"Events"},"content":{"rendered":"<div class=\"wp-block-uagb-container uagb-block-92f3aa19 alignfull uagb-is-root-container\"><div class=\"uagb-container-inner-blocks-wrap\">\n<div class=\"wp-block-uagb-advanced-heading uagb-block-c7b21669\"><h1 class=\"uagb-heading-text\">Nos \u00c9v\u00e9nements<\/h1><\/div>\n<\/div><\/div>\n\n\n\n<div class=\"wp-block-uagb-container uagb-block-c8f2cf41 alignfull uagb-is-root-container\"><div class=\"uagb-container-inner-blocks-wrap\">\n<div class=\"wp-block-uagb-advanced-heading uagb-block-fccfbf18\"><h3 class=\"uagb-heading-text\">Nous organisons des \u00e9v\u00e9nements tout au long de l&rsquo;ann\u00e9e<\/h3><div class=\"uagb-separator\"><\/div><\/div>\n\n\n\n<p><a href=\"http:\/\/ong-noho.org\" data-type=\"link\" data-id=\"ong-noho.org\">NoHo&nbsp;<\/a>ne se contente pas d&rsquo;agir sur le terrain, elle s&rsquo;engage \u00e9galement \u00e0 sensibiliser le public et \u00e0 mobiliser les ressources. Pour ce faire,&nbsp;<a>l&rsquo;organisation<\/a>&nbsp;organise r\u00e9guli\u00e8rement des&nbsp;\u00e9v\u00e9nements&nbsp;qui rassemblent des acteurs cl\u00e9s de la soci\u00e9t\u00e9 civile, des institutions et des citoyens engag\u00e9s.<\/p>\n<\/div><\/div>\n\n\n\n<div class=\"wp-block-uagb-container uagb-layout-flex uagb-block-d9ef2b6f alignfull uagb-is-root-container\"><div class=\"uagb-container-inner-blocks-wrap\">\n<div class=\"wp-block-uagb-image aligncenter uagb-block-81d08227 wp-block-uagb-image--layout-default wp-block-uagb-image--effect-static wp-block-uagb-image--align-center\"><figure class=\"wp-block-uagb-image__figure\"><img decoding=\"async\" srcset=\"https:\/\/ong-noho.org\/wp-content\/uploads\/2021\/05\/what-we-do-003-free-img.jpg ,https:\/\/ong-noho.org\/wp-content\/uploads\/2024\/09\/what-we-do-003-free-img-248x300-1.jpg 780w, https:\/\/ong-noho.org\/wp-content\/uploads\/2021\/05\/what-we-do-003-free-img.jpg 360w\" sizes=\"auto, (max-width: 480px) 150px\" src=\"https:\/\/ong-noho.org\/wp-content\/uploads\/2021\/05\/what-we-do-003-free-img.jpg\" alt=\"\" class=\"uag-image-360\" width=\"430\" height=\"500\" title=\"\" loading=\"lazy\" role=\"img\"\/><\/figure><\/div>\n\n\n\n<div class=\"wp-block-uagb-advanced-heading uagb-block-1d2b29cd\"><h3 class=\"uagb-heading-text\">\u00c9v\u00e9nement 1<\/h3><div class=\"uagb-separator\"><\/div><\/div>\n\n\n\n<div class=\"wp-block-uagb-advanced-heading uagb-block-023628b3\"><p class=\"uagb-desc-text\"><strong>What is Lorem Ipsum?<br>Lorem Ipsum<\/strong>&nbsp;is simply dummy text of the printing and typesetting industry. Lorem Ipsum has been the industry&rsquo;s standard dummy text ever since the 1500s, when an unknown printer took a galley of type and scrambled it to make a type specimen book. It has survived not only five centuries, but also the leap into electronic typesetting, remaining essentially unchanged. It was popularised in the 1960s with the release of Letraset sheets containing Lorem Ipsum passages, and more recently with desktop publishing software like Aldus PageMaker including versions of Lorem Ipsum.<br><\/p><\/div>\n<\/div><\/div>\n\n\n\n<div class=\"wp-block-uagb-container uagb-block-e82debc1 alignfull uagb-is-root-container\"><div class=\"uagb-container-inner-blocks-wrap\">\n<div class=\"wp-block-uagb-advanced-heading uagb-block-f81670e2\"><h3 class=\"uagb-heading-text\">\u00c9v\u00e9nement 2<\/h3><div class=\"uagb-separator\"><\/div><\/div>\n\n\n\n<div class=\"wp-block-uagb-advanced-heading uagb-block-8924cbaa\"><p class=\"uagb-desc-text\"><strong><mark style=\"background-color:rgba(0, 0, 0, 0)\" class=\"has-inline-color has-ast-global-color-5-color\">What is Lorem Ipsum?<br><\/mark>Lorem Ipsum<\/strong>&nbsp;is simply dummy text of the printing and typesetting industry. Lorem Ipsum has been the industry&rsquo;s standard dummy text ever since the 1500s, when an unknown printer took a galley of type and scrambled it to make a type specimen book. It has survived not only five centuries, but also the leap into electronic typesetting, remaining essentially unchanged. It was popularised in the 1960s with the release of Letraset sheets containing Lorem Ipsum passages, and more recently with desktop publishing software like Aldus PageMaker including versions of Lorem Ipsum.<br><\/p><\/div>\n\n\n\n<div class=\"wp-block-uagb-image uagb-block-1006948d wp-block-uagb-image--layout-default wp-block-uagb-image--effect-static wp-block-uagb-image--align-none\"><figure class=\"wp-block-uagb-image__figure\"><img decoding=\"async\" srcset=\"https:\/\/ong-noho.org\/wp-content\/uploads\/2021\/05\/what-we-do-002-free-img.jpg ,https:\/\/ong-noho.org\/wp-content\/uploads\/2021\/05\/what-we-do-002-free-img.jpg 780w, https:\/\/ong-noho.org\/wp-content\/uploads\/2021\/05\/what-we-do-002-free-img.jpg 360w\" sizes=\"auto, (max-width: 480px) 150px\" src=\"https:\/\/ong-noho.org\/wp-content\/uploads\/2021\/05\/what-we-do-002-free-img.jpg\" alt=\"\" class=\"uag-image-359\" width=\"430\" height=\"500\" title=\"what-we-do-002-free-img\" loading=\"lazy\" role=\"img\"\/><\/figure><\/div>\n<\/div><\/div>\n\n\n\n<div class=\"wp-block-uagb-container uagb-block-39e2af3e default uagb-is-root-container\">\n<div class=\"wp-block-uagb-image aligncenter uagb-block-35a2e8a0 wp-block-uagb-image--layout-default wp-block-uagb-image--effect-static wp-block-uagb-image--align-center\"><figure class=\"wp-block-uagb-image__figure\"><img decoding=\"async\" srcset=\"https:\/\/ong-noho.org\/wp-content\/uploads\/2021\/05\/what-we-do-001-free-img.jpg ,https:\/\/ong-noho.org\/wp-content\/uploads\/2021\/05\/what-we-do-001-free-img.jpg 780w, https:\/\/ong-noho.org\/wp-content\/uploads\/2021\/05\/what-we-do-001-free-img.jpg 360w\" sizes=\"auto, (max-width: 480px) 150px\" src=\"https:\/\/ong-noho.org\/wp-content\/uploads\/2021\/05\/what-we-do-001-free-img.jpg\" alt=\"\" class=\"uag-image-358\" width=\"430\" height=\"500\" title=\"what-we-do-001-free-img\" loading=\"lazy\" role=\"img\"\/><\/figure><\/div>\n\n\n\n<div class=\"wp-block-uagb-advanced-heading uagb-block-c2737b84\"><h3 class=\"uagb-heading-text\">\u00c9v\u00e9nement 3<\/h3><div class=\"uagb-separator\"><\/div><\/div>\n\n\n\n<div class=\"wp-block-uagb-advanced-heading uagb-block-8f5e1c01\"><p class=\"uagb-desc-text\"><br><strong>Why do we use it?<br><\/strong>It is a long established fact that a reader will be distracted by the readable content of a page when looking at its layout. The point of using Lorem Ipsum is that it has a more-or-less normal distribution of letters, as opposed to using &lsquo;Content here, content here&rsquo;, making it look like readable English. Many desktop publishing packages and web page editors now use Lorem Ipsum as their default model text, and a search for &lsquo;lorem ipsum&rsquo; will uncover many web sites still in their infancy. Various versions have evolved over the years, sometimes by accident, sometimes on purpose (injected humour and the like).<\/p><\/div>\n<\/div>\n\n\n\n<div class=\"wp-block-uagb-container uagb-block-c7992d3b alignfull uagb-is-root-container\"><div class=\"uagb-container-inner-blocks-wrap\">\n<div class=\"wp-block-uagb-info-box uagb-block-322fd59a uagb-infobox__content-wrap  uagb-infobox-icon-above-title uagb-infobox-image-valign-top\"><div class=\"uagb-ifb-content\"><div class=\"uagb-ifb-title-wrap\"><span class=\"uagb-ifb-title-prefix\">PLEASE HELP!<\/span><h2 class=\"uagb-ifb-title\">Join us in our mission!<\/h2><\/div><div class=\"uagb-ifb-button-wrapper wp-block-button\"><a href=\"#\" class=\"uagb-infobox-cta-link wp-block-button__link\" target=\"_self\" rel=\"noopener noreferrer\" onclick=\"return false;\"><span class=\"uagb-inline-editing\">Donation<\/span><\/a><\/div><\/div><\/div>\n<\/div><\/div>","protected":false},"excerpt":{"rendered":"<p>Nos \u00c9v\u00e9nements Nous organisons des \u00e9v\u00e9nements tout au long de l&rsquo;ann\u00e9e NoHo&nbsp;ne se contente pas d&rsquo;agir sur le terrain, elle s&rsquo;engage \u00e9galement \u00e0 sensibiliser le public et \u00e0 mobiliser les ressources. Pour ce faire,&nbsp;l&rsquo;organisation&nbsp;organise r\u00e9guli\u00e8rement des&nbsp;\u00e9v\u00e9nements&nbsp;qui rassemblent des acteurs cl\u00e9s de la soci\u00e9t\u00e9 civile, des institutions et des citoyens engag\u00e9s. \u00c9v\u00e9nement 1 What is Lorem [&hellip;]<\/p>\n","protected":false},"author":1,"featured_media":0,"parent":0,"menu_order":0,"comment_status":"closed","ping_status":"closed","template":"","meta":{"_uag_custom_page_level_css":"","site-sidebar-layout":"no-sidebar","site-content-layout":"page-builder","ast-site-content-layout":"full-width-container","site-content-style":"unboxed","site-sidebar-style":"unboxed","ast-global-header-display":"","ast-banner-title-visibility":"","ast-main-header-display":"","ast-hfb-above-header-display":"","ast-hfb-below-header-display":"","ast-hfb-mobile-header-display":"","site-post-title":"disabled","ast-breadcrumbs-content":"","ast-featured-img":"disabled","footer-sml-layout":"","ast-disable-related-posts":"","theme-transparent-header-meta":"enabled","adv-header-id-meta":"","stick-header-meta":"","header-above-stick-meta":"","header-main-stick-meta":"","header-below-stick-meta":"","astra-migrate-meta-layouts":"set","ast-page-background-enabled":"default","ast-page-background-meta":{"desktop":{"background-color":"var(--ast-global-color-4)","background-image":"","background-repeat":"repeat","background-position":"center center","background-size":"auto","background-attachment":"scroll","background-type":"","background-media":"","overlay-type":"","overlay-color":"","overlay-opacity":"","overlay-gradient":""},"tablet":{"background-color":"","background-image":"","background-repeat":"repeat","background-position":"center center","background-size":"auto","background-attachment":"scroll","background-type":"","background-media":"","overlay-type":"","overlay-color":"","overlay-opacity":"","overlay-gradient":""},"mobile":{"background-color":"","background-image":"","background-repeat":"repeat","background-position":"center center","background-size":"auto","background-attachment":"scroll","background-type":"","background-media":"","overlay-type":"","overlay-color":"","overlay-opacity":"","overlay-gradient":""}},"ast-content-background-meta":{"desktop":{"background-color":"var(--ast-global-color-5)","background-image":"","background-repeat":"repeat","background-position":"center center","background-size":"auto","background-attachment":"scroll","background-type":"","background-media":"","overlay-type":"","overlay-color":"","overlay-opacity":"","overlay-gradient":""},"tablet":{"background-color":"var(--ast-global-color-5)","background-image":"","background-repeat":"repeat","background-position":"center center","background-size":"auto","background-attachment":"scroll","background-type":"","background-media":"","overlay-type":"","overlay-color":"","overlay-opacity":"","overlay-gradient":""},"mobile":{"background-color":"var(--ast-global-color-5)","background-image":"","background-repeat":"repeat","background-position":"center center","background-size":"auto","background-attachment":"scroll","background-type":"","background-media":"","overlay-type":"","overlay-color":"","overlay-opacity":"","overlay-gradient":""}},"footnotes":""},"class_list":["post-1106","page","type-page","status-publish","hentry"],"uagb_featured_image_src":{"full":false,"thumbnail":false,"medium":false,"medium_large":false,"large":false,"1536x1536":false,"2048x2048":false,"trp-custom-language-flag":false},"uagb_author_info":{"display_name":"NOHO2024","author_link":"https:\/\/ong-noho.org\/en\/author\/noho2\/"},"uagb_comment_info":0,"uagb_excerpt":"Nos \u00c9v\u00e9nements Nous organisons des \u00e9v\u00e9nements tout au long de l&rsquo;ann\u00e9e NoHo&nbsp;ne se contente pas d&rsquo;agir sur le terrain, elle s&rsquo;engage \u00e9galement \u00e0 sensibiliser le public et \u00e0 mobiliser les ressources. Pour ce faire,&nbsp;l&rsquo;organisation&nbsp;organise r\u00e9guli\u00e8rement des&nbsp;\u00e9v\u00e9nements&nbsp;qui rassemblent des acteurs cl\u00e9s de la soci\u00e9t\u00e9 civile, des institutions et des citoyens engag\u00e9s. \u00c9v\u00e9nement 1 What is Lorem&hellip;","_links":{"self":[{"href":"https:\/\/ong-noho.org\/en\/wp-json\/wp\/v2\/pages\/1106","targetHints":{"allow":["GET"]}}],"collection":[{"href":"https:\/\/ong-noho.org\/en\/wp-json\/wp\/v2\/pages"}],"about":[{"href":"https:\/\/ong-noho.org\/en\/wp-json\/wp\/v2\/types\/page"}],"author":[{"embeddable":true,"href":"https:\/\/ong-noho.org\/en\/wp-json\/wp\/v2\/users\/1"}],"replies":[{"embeddable":true,"href":"https:\/\/ong-noho.org\/en\/wp-json\/wp\/v2\/comments?post=1106"}],"version-history":[{"count":12,"href":"https:\/\/ong-noho.org\/en\/wp-json\/wp\/v2\/pages\/1106\/revisions"}],"predecessor-version":[{"id":1441,"href":"https:\/\/ong-noho.org\/en\/wp-json\/wp\/v2\/pages\/1106\/revisions\/1441"}],"wp:attachment":[{"href":"https:\/\/ong-noho.org\/en\/wp-json\/wp\/v2\/media?parent=1106"}],"curies":[{"name":"wp","href":"https:\/\/api.w.org\/{rel}","templated":true}]}}