{"id":936,"date":"2024-12-08T01:11:54","date_gmt":"2024-12-08T00:11:54","guid":{"rendered":"https:\/\/ong-noho.org\/?page_id=936"},"modified":"2025-02-22T16:31:37","modified_gmt":"2025-02-22T15:31:37","slug":"domaines-dintervention","status":"publish","type":"page","link":"https:\/\/ong-noho.org\/en\/domaines-dintervention\/","title":{"rendered":"Domaines d&rsquo;intervention"},"content":{"rendered":"<div class=\"wp-block-uagb-container uagb-block-92f3aa19 alignfull uagb-is-root-container\"><div class=\"uagb-container-inner-blocks-wrap\">\n<div class=\"wp-block-uagb-advanced-heading uagb-block-c7b21669\"><h1 class=\"uagb-heading-text\">DOMAINES D&rsquo;INTERVENTION<\/h1><\/div>\n<\/div><\/div>\n\n\n\n<div class=\"wp-block-uagb-container uagb-block-c8f2cf41 alignfull uagb-is-root-container\"><div class=\"uagb-container-inner-blocks-wrap\">\n<div class=\"wp-block-uagb-advanced-heading uagb-block-fccfbf18\"><h2 class=\"uagb-heading-text\">NOUS INTERVENONS DANS LES SECTEURS : <\/h2><div class=\"uagb-separator\"><\/div><\/div>\n<\/div><\/div>\n\n\n\n<div class=\"wp-block-uagb-container uagb-block-d9ef2b6f alignfull uagb-is-root-container\"><div class=\"uagb-container-inner-blocks-wrap\">\n<div class=\"wp-block-uagb-image uagb-block-81d08227 wp-block-uagb-image--layout-default wp-block-uagb-image--effect-static wp-block-uagb-image--align-none\"><figure class=\"wp-block-uagb-image__figure\"><img decoding=\"async\" srcset=\"https:\/\/ong-noho.org\/wp-content\/uploads\/2024\/12\/domaine-intervrntion-Sante-Communautaire--1024x1024.png ,https:\/\/ong-noho.org\/wp-content\/uploads\/2024\/12\/domaine-intervrntion-Sante-Communautaire-.png 780w, https:\/\/ong-noho.org\/wp-content\/uploads\/2024\/12\/domaine-intervrntion-Sante-Communautaire-.png 360w\" sizes=\"auto, (max-width: 480px) 150px\" src=\"https:\/\/ong-noho.org\/wp-content\/uploads\/2024\/12\/domaine-intervrntion-Sante-Communautaire--1024x1024.png\" alt=\"\" class=\"uag-image-884\" width=\"500\" height=\"500\" title=\"domaine intervrntion - Sante Communautaire\" loading=\"lazy\" role=\"img\"\/><\/figure><\/div>\n\n\n\n<div class=\"wp-block-uagb-advanced-heading uagb-block-1d2b29cd\"><h3 class=\"uagb-heading-text\">Sant\u00e9 Communautaire<\/h3><div class=\"uagb-separator\"><\/div><\/div>\n\n\n\n<div class=\"wp-block-uagb-advanced-heading uagb-block-023628b3\"><p class=\"uagb-desc-text\">We have built shelter homes in different regions so children can move out of undeveloped areas to live, study and work in bigger and better cities.<\/p><\/div>\n<\/div><\/div>\n\n\n\n<div class=\"wp-block-uagb-container uagb-block-e82debc1 alignfull uagb-is-root-container\"><div class=\"uagb-container-inner-blocks-wrap\">\n<div class=\"wp-block-uagb-advanced-heading uagb-block-f81670e2\"><h3 class=\"uagb-heading-text\">NUTRITION<\/h3><div class=\"uagb-separator\"><\/div><\/div>\n\n\n\n<div class=\"wp-block-uagb-advanced-heading uagb-block-8924cbaa\"><p class=\"uagb-desc-text\">Children and youngsters who are exploited in their early days need a helping hand and support for their mental health. We take them out of this zone to give them a better life.<\/p><\/div>\n\n\n\n<div class=\"wp-block-uagb-image uagb-block-1006948d wp-block-uagb-image--layout-default wp-block-uagb-image--effect-static wp-block-uagb-image--align-none\"><figure class=\"wp-block-uagb-image__figure\"><img decoding=\"async\" srcset=\"https:\/\/ong-noho.org\/wp-content\/uploads\/2024\/12\/domaine-intervrntion-Nutrition-1024x1024.png ,https:\/\/ong-noho.org\/wp-content\/uploads\/2024\/12\/domaine-intervrntion-Nutrition.png 780w, https:\/\/ong-noho.org\/wp-content\/uploads\/2024\/12\/domaine-intervrntion-Nutrition.png 360w\" sizes=\"auto, (max-width: 480px) 150px\" src=\"https:\/\/ong-noho.org\/wp-content\/uploads\/2024\/12\/domaine-intervrntion-Nutrition-1024x1024.png\" alt=\"\" class=\"uag-image-883\" width=\"500\" height=\"500\" title=\"domaine intervrntion - Nutrition\" loading=\"lazy\" role=\"img\"\/><\/figure><\/div>\n<\/div><\/div>\n\n\n\n<div class=\"wp-block-uagb-container uagb-block-39e2af3e alignfull uagb-is-root-container\"><div class=\"uagb-container-inner-blocks-wrap\">\n<div class=\"wp-block-uagb-image uagb-block-35a2e8a0 wp-block-uagb-image--layout-default wp-block-uagb-image--effect-static wp-block-uagb-image--align-none\"><figure class=\"wp-block-uagb-image__figure\"><img decoding=\"async\" srcset=\"https:\/\/ong-noho.org\/wp-content\/uploads\/2024\/12\/domaine-intervrntion-wash--1024x1024.png ,https:\/\/ong-noho.org\/wp-content\/uploads\/2024\/12\/domaine-intervrntion-wash-.png 780w, https:\/\/ong-noho.org\/wp-content\/uploads\/2024\/12\/domaine-intervrntion-wash-.png 360w\" sizes=\"auto, (max-width: 480px) 150px\" src=\"https:\/\/ong-noho.org\/wp-content\/uploads\/2024\/12\/domaine-intervrntion-wash--1024x1024.png\" alt=\"\" class=\"uag-image-890\" width=\"500\" height=\"500\" title=\"domaine intervrntion - wash\" loading=\"lazy\" role=\"img\"\/><\/figure><\/div>\n\n\n\n<div class=\"wp-block-uagb-advanced-heading uagb-block-c2737b84\"><h3 class=\"uagb-heading-text\">WASH<\/h3><div class=\"uagb-separator\"><\/div><\/div>\n\n\n\n<div class=\"wp-block-uagb-advanced-heading uagb-block-8f5e1c01\"><p class=\"uagb-desc-text\">The underprivileged children do not have access to required financial help and resources needed to live the life of their dreams. We help them with everything they\u2019ll need to live their dreams.<\/p><\/div>\n<\/div><\/div>\n\n\n\n<div class=\"wp-block-uagb-container uagb-block-c8075a1c default uagb-is-root-container\">\n<div class=\"wp-block-uagb-advanced-heading uagb-block-ccfa1557\"><h3 class=\"uagb-heading-text\">S\u00c9CURIT\u00c9 ALIMENTAIRE R\u00c9SILIENCE<\/h3><div class=\"uagb-separator\"><\/div><\/div>\n\n\n\n<div class=\"wp-block-uagb-advanced-heading uagb-block-18fd3d44\"><p class=\"uagb-desc-text\">Children and youngsters who are exploited in their early days need a helping hand and support for their mental health. We take them out of this zone to give them a better life.<\/p><\/div>\n\n\n\n<div class=\"wp-block-uagb-image uagb-block-5f585cef wp-block-uagb-image--layout-default wp-block-uagb-image--effect-static wp-block-uagb-image--align-none\"><figure class=\"wp-block-uagb-image__figure\"><img decoding=\"async\" srcset=\"https:\/\/ong-noho.org\/wp-content\/uploads\/2024\/12\/domaine-intervrntion-Securite-alimentaire-Resilience--1024x1024.png ,https:\/\/ong-noho.org\/wp-content\/uploads\/2024\/12\/domaine-intervrntion-Securite-alimentaire-Resilience-.png 780w, https:\/\/ong-noho.org\/wp-content\/uploads\/2024\/12\/domaine-intervrntion-Securite-alimentaire-Resilience-.png 360w\" sizes=\"auto, (max-width: 480px) 150px\" src=\"https:\/\/ong-noho.org\/wp-content\/uploads\/2024\/12\/domaine-intervrntion-Securite-alimentaire-Resilience--1024x1024.png\" alt=\"\" class=\"uag-image-885\" width=\"500\" height=\"500\" title=\"domaine intervrntion - S\u00e9curit\u00e9 alimentaire R\u00e9silience\" loading=\"lazy\" role=\"img\"\/><\/figure><\/div>\n<\/div>\n\n\n\n<div class=\"wp-block-uagb-container uagb-block-427a8043 alignfull uagb-is-root-container\"><div class=\"uagb-container-inner-blocks-wrap\">\n<div class=\"wp-block-uagb-image uagb-block-0a43c68a wp-block-uagb-image--layout-default wp-block-uagb-image--effect-static wp-block-uagb-image--align-none\"><figure class=\"wp-block-uagb-image__figure\"><img decoding=\"async\" srcset=\"https:\/\/ong-noho.org\/wp-content\/uploads\/2024\/12\/domaine-intervrntion-Education--1024x1024.png ,https:\/\/ong-noho.org\/wp-content\/uploads\/2024\/12\/domaine-intervrntion-Education-.png 780w, https:\/\/ong-noho.org\/wp-content\/uploads\/2024\/12\/domaine-intervrntion-Education-.png 360w\" sizes=\"auto, (max-width: 480px) 150px\" src=\"https:\/\/ong-noho.org\/wp-content\/uploads\/2024\/12\/domaine-intervrntion-Education--1024x1024.png\" alt=\"\" class=\"uag-image-889\" width=\"500\" height=\"500\" title=\"domaine intervrntion - Education\" loading=\"lazy\" role=\"img\"\/><\/figure><\/div>\n\n\n\n<div class=\"wp-block-uagb-advanced-heading uagb-block-98c611fe\"><h3 class=\"uagb-heading-text\">\u00c9DUCATION<\/h3><div class=\"uagb-separator\"><\/div><\/div>\n\n\n\n<div class=\"wp-block-uagb-advanced-heading uagb-block-626fd73f\"><p class=\"uagb-desc-text\">The underprivileged children do not have access to required financial help and resources needed to live the life of their dreams. We help them with everything they\u2019ll need to live their dreams.<\/p><\/div>\n<\/div><\/div>\n\n\n\n<div class=\"wp-block-uagb-container uagb-block-e8c2e8cf default uagb-is-root-container\">\n<div class=\"wp-block-uagb-advanced-heading uagb-block-5a973869\"><h3 class=\"uagb-heading-text\">ALPHAB\u00c9TISATION DE BASE ET POST ALPLA<\/h3><div class=\"uagb-separator\"><\/div><\/div>\n\n\n\n<div class=\"wp-block-uagb-advanced-heading uagb-block-ae5f52f0\"><p class=\"uagb-desc-text\">Children and youngsters who are exploited in their early days need a helping hand and support for their mental health. We take them out of this zone to give them a better life.<\/p><\/div>\n\n\n\n<div class=\"wp-block-uagb-image uagb-block-f28e8816 wp-block-uagb-image--layout-default wp-block-uagb-image--effect-static wp-block-uagb-image--align-none\"><figure class=\"wp-block-uagb-image__figure\"><img decoding=\"async\" srcset=\"https:\/\/ong-noho.org\/wp-content\/uploads\/2024\/12\/domaine-intervrntion-Alphabetisation-de-base-et-post-Alpha--1024x1024.png ,https:\/\/ong-noho.org\/wp-content\/uploads\/2024\/12\/domaine-intervrntion-Alphabetisation-de-base-et-post-Alpha-.png 780w, https:\/\/ong-noho.org\/wp-content\/uploads\/2024\/12\/domaine-intervrntion-Alphabetisation-de-base-et-post-Alpha-.png 360w\" sizes=\"auto, (max-width: 480px) 150px\" src=\"https:\/\/ong-noho.org\/wp-content\/uploads\/2024\/12\/domaine-intervrntion-Alphabetisation-de-base-et-post-Alpha--1024x1024.png\" alt=\"\" class=\"uag-image-894\" width=\"500\" height=\"500\" title=\"domaine intervrntion - Alphab\u00e9tisation de base et post Alpha\" loading=\"lazy\" role=\"img\"\/><\/figure><\/div>\n<\/div>\n\n\n\n<div class=\"wp-block-uagb-container uagb-block-2b56d293 alignfull uagb-is-root-container\"><div class=\"uagb-container-inner-blocks-wrap\">\n<div class=\"wp-block-uagb-image uagb-block-38701c67 wp-block-uagb-image--layout-default wp-block-uagb-image--effect-static wp-block-uagb-image--align-none\"><figure class=\"wp-block-uagb-image__figure\"><img decoding=\"async\" srcset=\"https:\/\/ong-noho.org\/wp-content\/uploads\/2024\/12\/domaine-intervrntion-Gouvernance-Democratique-et-Redevable--1024x1024.png ,https:\/\/ong-noho.org\/wp-content\/uploads\/2024\/12\/domaine-intervrntion-Gouvernance-Democratique-et-Redevable-.png 780w, https:\/\/ong-noho.org\/wp-content\/uploads\/2024\/12\/domaine-intervrntion-Gouvernance-Democratique-et-Redevable-.png 360w\" sizes=\"auto, (max-width: 480px) 150px\" src=\"https:\/\/ong-noho.org\/wp-content\/uploads\/2024\/12\/domaine-intervrntion-Gouvernance-Democratique-et-Redevable--1024x1024.png\" alt=\"\" class=\"uag-image-898\" width=\"500\" height=\"500\" title=\"domaine intervrntion - Gouvernance D\u00e9mocratique et Redevable\" loading=\"lazy\" role=\"img\"\/><\/figure><\/div>\n\n\n\n<div class=\"wp-block-uagb-advanced-heading uagb-block-abe89ad0\"><h3 class=\"uagb-heading-text\">GOUVERNANCE D\u00c9MOCRATIQUE ET REDEVABLE<\/h3><div class=\"uagb-separator\"><\/div><\/div>\n\n\n\n<div class=\"wp-block-uagb-advanced-heading uagb-block-c5de0628\"><p class=\"uagb-desc-text\">The underprivileged children do not have access to required financial help and resources needed to live the life of their dreams. We help them with everything they\u2019ll need to live their dreams.<\/p><\/div>\n<\/div><\/div>\n\n\n\n<div class=\"wp-block-uagb-container uagb-block-230e4f2a default uagb-is-root-container\">\n<div class=\"wp-block-uagb-advanced-heading uagb-block-3b54fe9c\"><h3 class=\"uagb-heading-text\">EMPLOI DE JEUNES<\/h3><div class=\"uagb-separator\"><\/div><\/div>\n\n\n\n<div class=\"wp-block-uagb-advanced-heading uagb-block-b7582c04\"><p class=\"uagb-desc-text\">Children and youngsters who are exploited in their early days need a helping hand and support for their mental health. We take them out of this zone to give them a better life.<\/p><\/div>\n\n\n\n<div class=\"wp-block-uagb-image uagb-block-0ee692fa wp-block-uagb-image--layout-default wp-block-uagb-image--effect-static wp-block-uagb-image--align-none\"><figure class=\"wp-block-uagb-image__figure\"><img decoding=\"async\" srcset=\"https:\/\/ong-noho.org\/wp-content\/uploads\/2024\/12\/domaine-intervrntion-Emploi-de-jeunes--1024x1024.png ,https:\/\/ong-noho.org\/wp-content\/uploads\/2024\/12\/domaine-intervrntion-Emploi-de-jeunes-.png 780w, https:\/\/ong-noho.org\/wp-content\/uploads\/2024\/12\/domaine-intervrntion-Emploi-de-jeunes-.png 360w\" sizes=\"auto, (max-width: 480px) 150px\" src=\"https:\/\/ong-noho.org\/wp-content\/uploads\/2024\/12\/domaine-intervrntion-Emploi-de-jeunes--1024x1024.png\" alt=\"\" class=\"uag-image-895\" width=\"500\" height=\"500\" title=\"domaine intervrntion - Emploi de jeunes\" loading=\"lazy\" role=\"img\"\/><\/figure><\/div>\n<\/div>\n\n\n\n<div class=\"wp-block-uagb-container uagb-block-ad9613d8 alignfull uagb-is-root-container\"><div class=\"uagb-container-inner-blocks-wrap\">\n<div class=\"wp-block-uagb-image uagb-block-36141a79 wp-block-uagb-image--layout-default wp-block-uagb-image--effect-static wp-block-uagb-image--align-none\"><figure class=\"wp-block-uagb-image__figure\"><img decoding=\"async\" srcset=\"https:\/\/ong-noho.org\/wp-content\/uploads\/2024\/12\/domaine-intervrntion-Activite-Generatrice-de-Revenu-1024x1024.png ,https:\/\/ong-noho.org\/wp-content\/uploads\/2024\/12\/domaine-intervrntion-Activite-Generatrice-de-Revenu.png 780w, https:\/\/ong-noho.org\/wp-content\/uploads\/2024\/12\/domaine-intervrntion-Activite-Generatrice-de-Revenu.png 360w\" sizes=\"auto, (max-width: 480px) 150px\" src=\"https:\/\/ong-noho.org\/wp-content\/uploads\/2024\/12\/domaine-intervrntion-Activite-Generatrice-de-Revenu-1024x1024.png\" alt=\"\" class=\"uag-image-893\" width=\"500\" height=\"500\" title=\"domaine intervrntion - Activit\u00e9 G\u00e9n\u00e9ratrice de Revenu\" loading=\"lazy\" role=\"img\"\/><\/figure><\/div>\n\n\n\n<div class=\"wp-block-uagb-advanced-heading uagb-block-934501d2\"><h3 class=\"uagb-heading-text\">ACTIVIT\u00c9 G\u00c9N\u00c9RATRICE DE REVENU<\/h3><div class=\"uagb-separator\"><\/div><\/div>\n\n\n\n<div class=\"wp-block-uagb-advanced-heading uagb-block-155c164a\"><p class=\"uagb-desc-text\">The underprivileged children do not have access to required financial help and resources needed to live the life of their dreams. We help them with everything they\u2019ll need to live their dreams.<\/p><\/div>\n<\/div><\/div>\n\n\n\n<div class=\"wp-block-uagb-container uagb-block-bd6a1b8f default uagb-is-root-container\">\n<div class=\"wp-block-uagb-advanced-heading uagb-block-3b5d3329\"><h3 class=\"uagb-heading-text\">GESTION DE CONFLIT<\/h3><div class=\"uagb-separator\"><\/div><\/div>\n\n\n\n<div class=\"wp-block-uagb-advanced-heading uagb-block-fc5399ad\"><p class=\"uagb-desc-text\">Children and youngsters who are exploited in their early days need a helping hand and support for their mental health. We take them out of this zone to give them a better life.<\/p><\/div>\n\n\n\n<div class=\"wp-block-uagb-image uagb-block-051a44aa wp-block-uagb-image--layout-default wp-block-uagb-image--effect-static wp-block-uagb-image--align-none\"><figure class=\"wp-block-uagb-image__figure\"><img decoding=\"async\" srcset=\"https:\/\/ong-noho.org\/wp-content\/uploads\/2024\/12\/domaine-intervrntion-Gestion-de-Conflit-1024x1024.png ,https:\/\/ong-noho.org\/wp-content\/uploads\/2024\/12\/domaine-intervrntion-Gestion-de-Conflit.png 780w, https:\/\/ong-noho.org\/wp-content\/uploads\/2024\/12\/domaine-intervrntion-Gestion-de-Conflit.png 360w\" sizes=\"auto, (max-width: 480px) 150px\" src=\"https:\/\/ong-noho.org\/wp-content\/uploads\/2024\/12\/domaine-intervrntion-Gestion-de-Conflit-1024x1024.png\" alt=\"\" class=\"uag-image-896\" width=\"500\" height=\"500\" title=\"domaine intervrntion - Gestion de Conflit\" loading=\"lazy\" role=\"img\"\/><\/figure><\/div>\n<\/div>\n\n\n\n<div class=\"wp-block-uagb-container uagb-block-d0a524a2 alignfull uagb-is-root-container\"><div class=\"uagb-container-inner-blocks-wrap\">\n<div class=\"wp-block-uagb-image uagb-block-27b7ffa1 wp-block-uagb-image--layout-default wp-block-uagb-image--effect-static wp-block-uagb-image--align-none\"><figure class=\"wp-block-uagb-image__figure\"><img decoding=\"async\" srcset=\"https:\/\/ong-noho.org\/wp-content\/uploads\/2024\/12\/domaine-intervrntion-Gestion-des-projets-1024x1024.png ,https:\/\/ong-noho.org\/wp-content\/uploads\/2024\/12\/domaine-intervrntion-Gestion-des-projets.png 780w, https:\/\/ong-noho.org\/wp-content\/uploads\/2024\/12\/domaine-intervrntion-Gestion-des-projets.png 360w\" sizes=\"auto, (max-width: 480px) 150px\" src=\"https:\/\/ong-noho.org\/wp-content\/uploads\/2024\/12\/domaine-intervrntion-Gestion-des-projets-1024x1024.png\" alt=\"\" class=\"uag-image-897\" width=\"500\" height=\"500\" title=\"domaine intervrntion - Gestion des projets\" loading=\"lazy\" role=\"img\"\/><\/figure><\/div>\n\n\n\n<div class=\"wp-block-uagb-advanced-heading uagb-block-684bce0f\"><h3 class=\"uagb-heading-text\">GESTION DE PROJETS<\/h3><div class=\"uagb-separator\"><\/div><\/div>\n\n\n\n<div class=\"wp-block-uagb-advanced-heading uagb-block-6a752fd8\"><p class=\"uagb-desc-text\">The underprivileged children do not have access to required financial help and resources needed to live the life of their dreams. We help them with everything they\u2019ll need to live their dreams.<\/p><\/div>\n<\/div><\/div>\n\n\n\n<div class=\"wp-block-uagb-container uagb-block-65c2f18b default uagb-is-root-container\">\n<div class=\"wp-block-uagb-advanced-heading uagb-block-32e61bbb\"><h3 class=\"uagb-heading-text\">PROTECTION DE L&rsquo;ENVIRONNEMENT ET CHANGEMENT CLIMATIQUE<\/h3><div class=\"uagb-separator\"><\/div><\/div>\n\n\n\n<div class=\"wp-block-uagb-advanced-heading uagb-block-b4b24b8a\"><p class=\"uagb-desc-text\">Children and youngsters who are exploited in their early days need a helping hand and support for their mental health. We take them out of this zone to give them a better life.<\/p><\/div>\n\n\n\n<div class=\"wp-block-uagb-image uagb-block-73b6e4bb wp-block-uagb-image--layout-default wp-block-uagb-image--effect-static wp-block-uagb-image--align-none\"><figure class=\"wp-block-uagb-image__figure\"><img decoding=\"async\" srcset=\"https:\/\/ong-noho.org\/wp-content\/uploads\/2024\/12\/domaine-intervrntion-Protection-de-lenvironnement-et-changement-climatique-1024x1024.png ,https:\/\/ong-noho.org\/wp-content\/uploads\/2024\/12\/domaine-intervrntion-Protection-de-lenvironnement-et-changement-climatique.png 780w, https:\/\/ong-noho.org\/wp-content\/uploads\/2024\/12\/domaine-intervrntion-Protection-de-lenvironnement-et-changement-climatique.png 360w\" sizes=\"auto, (max-width: 480px) 150px\" src=\"https:\/\/ong-noho.org\/wp-content\/uploads\/2024\/12\/domaine-intervrntion-Protection-de-lenvironnement-et-changement-climatique-1024x1024.png\" alt=\"\" class=\"uag-image-899\" width=\"500\" height=\"500\" title=\"domaine intervrntion - Protection de l'environnement et changement climatique\" loading=\"lazy\" role=\"img\"\/><\/figure><\/div>\n<\/div>\n\n\n\n<div class=\"wp-block-uagb-container uagb-block-b9a33ffb alignfull uagb-is-root-container\"><div class=\"uagb-container-inner-blocks-wrap\">\n<div class=\"wp-block-uagb-image uagb-block-0150e2ed wp-block-uagb-image--layout-default wp-block-uagb-image--effect-static wp-block-uagb-image--align-none\"><figure class=\"wp-block-uagb-image__figure\"><img decoding=\"async\" srcset=\"https:\/\/ong-noho.org\/wp-content\/uploads\/2024\/12\/domaine-intervrntion-Suivi-Evaluation-des-Projets-1024x1024.png ,https:\/\/ong-noho.org\/wp-content\/uploads\/2024\/12\/domaine-intervrntion-Suivi-Evaluation-des-Projets.png 780w, https:\/\/ong-noho.org\/wp-content\/uploads\/2024\/12\/domaine-intervrntion-Suivi-Evaluation-des-Projets.png 360w\" sizes=\"auto, (max-width: 480px) 150px\" src=\"https:\/\/ong-noho.org\/wp-content\/uploads\/2024\/12\/domaine-intervrntion-Suivi-Evaluation-des-Projets-1024x1024.png\" alt=\"\" class=\"uag-image-900\" width=\"500\" height=\"500\" title=\"domaine intervrntion - Suivi Evaluation des Projets.\" loading=\"lazy\" role=\"img\"\/><\/figure><\/div>\n\n\n\n<div class=\"wp-block-uagb-advanced-heading uagb-block-0a647ca1\"><h3 class=\"uagb-heading-text\">SUIVI EVALUATION DES PROJETS<\/h3><div class=\"uagb-separator\"><\/div><\/div>\n\n\n\n<div class=\"wp-block-uagb-advanced-heading uagb-block-1860aa54\"><p class=\"uagb-desc-text\">The underprivileged children do not have access to required financial help and resources needed to live the life of their dreams. We help them with everything they\u2019ll need to live their dreams.<\/p><\/div>\n<\/div><\/div>","protected":false},"excerpt":{"rendered":"<p>DOMAINES D&rsquo;INTERVENTION NOUS INTERVENONS DANS LES SECTEURS : Sant\u00e9 Communautaire We have built shelter homes in different regions so children can move out of undeveloped areas to live, study and work in bigger and better cities. NUTRITION Children and youngsters who are exploited in their early days need a helping hand and support for their [&hellip;]<\/p>\n","protected":false},"author":1,"featured_media":0,"parent":0,"menu_order":0,"comment_status":"closed","ping_status":"closed","template":"","meta":{"_uag_custom_page_level_css":"","site-sidebar-layout":"no-sidebar","site-content-layout":"page-builder","ast-site-content-layout":"full-width-container","site-content-style":"unboxed","site-sidebar-style":"unboxed","ast-global-header-display":"","ast-banner-title-visibility":"","ast-main-header-display":"","ast-hfb-above-header-display":"","ast-hfb-below-header-display":"","ast-hfb-mobile-header-display":"","site-post-title":"disabled","ast-breadcrumbs-content":"","ast-featured-img":"disabled","footer-sml-layout":"","ast-disable-related-posts":"","theme-transparent-header-meta":"enabled","adv-header-id-meta":"","stick-header-meta":"","header-above-stick-meta":"","header-main-stick-meta":"","header-below-stick-meta":"","astra-migrate-meta-layouts":"set","ast-page-background-enabled":"default","ast-page-background-meta":{"desktop":{"background-color":"var(--ast-global-color-4)","background-image":"","background-repeat":"repeat","background-position":"center center","background-size":"auto","background-attachment":"scroll","background-type":"","background-media":"","overlay-type":"","overlay-color":"","overlay-opacity":"","overlay-gradient":""},"tablet":{"background-color":"","background-image":"","background-repeat":"repeat","background-position":"center center","background-size":"auto","background-attachment":"scroll","background-type":"","background-media":"","overlay-type":"","overlay-color":"","overlay-opacity":"","overlay-gradient":""},"mobile":{"background-color":"","background-image":"","background-repeat":"repeat","background-position":"center center","background-size":"auto","background-attachment":"scroll","background-type":"","background-media":"","overlay-type":"","overlay-color":"","overlay-opacity":"","overlay-gradient":""}},"ast-content-background-meta":{"desktop":{"background-color":"var(--ast-global-color-5)","background-image":"","background-repeat":"repeat","background-position":"center center","background-size":"auto","background-attachment":"scroll","background-type":"","background-media":"","overlay-type":"","overlay-color":"","overlay-opacity":"","overlay-gradient":""},"tablet":{"background-color":"var(--ast-global-color-5)","background-image":"","background-repeat":"repeat","background-position":"center center","background-size":"auto","background-attachment":"scroll","background-type":"","background-media":"","overlay-type":"","overlay-color":"","overlay-opacity":"","overlay-gradient":""},"mobile":{"background-color":"var(--ast-global-color-5)","background-image":"","background-repeat":"repeat","background-position":"center center","background-size":"auto","background-attachment":"scroll","background-type":"","background-media":"","overlay-type":"","overlay-color":"","overlay-opacity":"","overlay-gradient":""}},"footnotes":""},"class_list":["post-936","page","type-page","status-publish","hentry"],"uagb_featured_image_src":{"full":false,"thumbnail":false,"medium":false,"medium_large":false,"large":false,"1536x1536":false,"2048x2048":false,"trp-custom-language-flag":false},"uagb_author_info":{"display_name":"NOHO2024","author_link":"https:\/\/ong-noho.org\/en\/author\/noho2\/"},"uagb_comment_info":0,"uagb_excerpt":"DOMAINES D&rsquo;INTERVENTION NOUS INTERVENONS DANS LES SECTEURS : Sant\u00e9 Communautaire We have built shelter homes in different regions so children can move out of undeveloped areas to live, study and work in bigger and better cities. NUTRITION Children and youngsters who are exploited in their early days need a helping hand and support for their&hellip;","_links":{"self":[{"href":"https:\/\/ong-noho.org\/en\/wp-json\/wp\/v2\/pages\/936","targetHints":{"allow":["GET"]}}],"collection":[{"href":"https:\/\/ong-noho.org\/en\/wp-json\/wp\/v2\/pages"}],"about":[{"href":"https:\/\/ong-noho.org\/en\/wp-json\/wp\/v2\/types\/page"}],"author":[{"embeddable":true,"href":"https:\/\/ong-noho.org\/en\/wp-json\/wp\/v2\/users\/1"}],"replies":[{"embeddable":true,"href":"https:\/\/ong-noho.org\/en\/wp-json\/wp\/v2\/comments?post=936"}],"version-history":[{"count":32,"href":"https:\/\/ong-noho.org\/en\/wp-json\/wp\/v2\/pages\/936\/revisions"}],"predecessor-version":[{"id":971,"href":"https:\/\/ong-noho.org\/en\/wp-json\/wp\/v2\/pages\/936\/revisions\/971"}],"wp:attachment":[{"href":"https:\/\/ong-noho.org\/en\/wp-json\/wp\/v2\/media?parent=936"}],"curies":[{"name":"wp","href":"https:\/\/api.w.org\/{rel}","templated":true}]}}